{"id":353,"date":"2020-10-12T03:16:06","date_gmt":"2020-10-12T00:16:06","guid":{"rendered":"http:\/\/proba.md\/vacante\/"},"modified":"2020-11-24T17:07:56","modified_gmt":"2020-11-24T15:07:56","slug":"vacante","status":"publish","type":"page","link":"https:\/\/proba.md\/en\/vacante\/","title":{"rendered":"Career"},"content":{"rendered":"\t\t<div data-elementor-type=\"wp-page\" data-elementor-id=\"353\" class=\"elementor elementor-353\">\n\t\t\t\t\t\t<section class=\"elementor-section elementor-top-section elementor-element elementor-element-a7201e3 elementor-section-boxed elementor-section-height-default elementor-section-height-default\" data-id=\"a7201e3\" data-element_type=\"section\">\n\t\t\t\t\t\t<div class=\"elementor-container elementor-column-gap-default\">\n\t\t\t\t\t<div class=\"elementor-column elementor-col-100 elementor-top-column elementor-element elementor-element-518c3fe\" data-id=\"518c3fe\" data-element_type=\"column\">\n\t\t\t<div class=\"elementor-widget-wrap elementor-element-populated\">\n\t\t\t\t\t\t<div class=\"elementor-element elementor-element-662edd2 custom-accardion elementor-widget elementor-widget-accordion\" data-id=\"662edd2\" data-element_type=\"widget\" data-widget_type=\"accordion.default\">\n\t\t\t\t<div class=\"elementor-widget-container\">\n\t\t\t\t\t\t\t<div class=\"elementor-accordion\">\n\t\t\t\t\t\t\t<div class=\"elementor-accordion-item\">\n\t\t\t\t\t<div id=\"elementor-tab-title-1071\" class=\"elementor-tab-title\" data-tab=\"1\" role=\"button\" aria-controls=\"elementor-tab-content-1071\" aria-expanded=\"false\">\n\t\t\t\t\t\t\t\t\t\t\t\t\t<span class=\"elementor-accordion-icon elementor-accordion-icon-right\" aria-hidden=\"true\">\n\t\t\t\t\t\t\t\t\t\t\t\t\t\t\t<span class=\"elementor-accordion-icon-closed\"><i class=\"fas fa-chevron-down\"><\/i><\/span>\n\t\t\t\t\t\t\t\t<span class=\"elementor-accordion-icon-opened\"><i class=\"fas fa-chevron-up\"><\/i><\/span>\n\t\t\t\t\t\t\t\t\t\t\t\t\t\t<\/span>\n\t\t\t\t\t\t\t\t\t\t\t\t<a class=\"elementor-accordion-title\" tabindex=\"0\">Manager PR<\/a>\n\t\t\t\t\t<\/div>\n\t\t\t\t\t<div id=\"elementor-tab-content-1071\" class=\"elementor-tab-content elementor-clearfix\" data-tab=\"1\" role=\"region\" aria-labelledby=\"elementor-tab-title-1071\"><h3>Obliga\u021biile cadidatului:<\/h3><ul><li>Dezvoltarea de strategii \u0219i planuri de promovare a companiei<\/li><li>Desf\u0103\u0219urarea de activit\u0103\u021bi de marketing pentru partenerii \u0219i clien\u021bii companiei<\/li><li>Promovarea companiei \u00een re\u021belele sociale<\/li><\/ul><p>\u00a0<\/p><h3>Cerin\u021be pentru un candidat:<\/h3><ul><li>\u00cenv\u0103\u021b\u0103m\u00e2nt superior \u00een marketing<\/li><li>Experien\u021b\u0103 profesional\u0103 de la 4 ani<\/li><\/ul><p>\u00a0<\/p><h3>Noi oferim:<\/h3><ul><li>Salariu de la 14000 lei pe lun\u0103<\/li><li>Angajare oficial\u0103<\/li><\/ul><\/div>\n\t\t\t\t<\/div>\n\t\t\t\t\t\t\t<div class=\"elementor-accordion-item\">\n\t\t\t\t\t<div id=\"elementor-tab-title-1072\" class=\"elementor-tab-title\" data-tab=\"2\" role=\"button\" aria-controls=\"elementor-tab-content-1072\" aria-expanded=\"false\">\n\t\t\t\t\t\t\t\t\t\t\t\t\t<span class=\"elementor-accordion-icon elementor-accordion-icon-right\" aria-hidden=\"true\">\n\t\t\t\t\t\t\t\t\t\t\t\t\t\t\t<span class=\"elementor-accordion-icon-closed\"><i class=\"fas fa-chevron-down\"><\/i><\/span>\n\t\t\t\t\t\t\t\t<span class=\"elementor-accordion-icon-opened\"><i class=\"fas fa-chevron-up\"><\/i><\/span>\n\t\t\t\t\t\t\t\t\t\t\t\t\t\t<\/span>\n\t\t\t\t\t\t\t\t\t\t\t\t<a class=\"elementor-accordion-title\" tabindex=\"0\">Reprezentant de v\u00e2nz\u0103ri<\/a>\n\t\t\t\t\t<\/div>\n\t\t\t\t\t<div id=\"elementor-tab-content-1072\" class=\"elementor-tab-content elementor-clearfix\" data-tab=\"2\" role=\"region\" aria-labelledby=\"elementor-tab-title-1072\"><p style=\"text-align: center;\">Acvilin-Grup apreciaz\u0103 o pozi\u021bie activ\u0103 \u00een via\u021b\u0103 \u0219i se str\u0103duie\u0219te spre dezvoltare, profesionalism, responsabilitate \u0219i concentrare pe rezultate, disponibilitatea pentru munca \u00een echip\u0103 \u0219i con\u0219tiin\u021ba apartenen\u021bei la o cauz\u0103 comun\u0103. Compania ofer\u0103 angaja\u021bilor s\u0103i ample oportunit\u0103\u021bi de dezvoltare profesional\u0103. Sistemul de instruire adoptat de Acvilin-Grup const\u0103 din cursuri de limbi str\u0103ine, seminarii anuale pe termen scurt disponibile pentru to\u021bi angaja\u021bii, precum \u0219i stagii \u00een str\u0103in\u0103tate.<\/p><p style=\"text-align: center;\">Angaja\u021bilor li se ofer\u0103 o varietate de oportunit\u0103\u021bi de carier\u0103. Ace\u0219tia primesc pachete \u0219i beneficii sociale \u0219i, cu o revenire maxim\u0103 la activitatea companiei, pot conta pe sprijinul \u0219i asisten\u021ba Acvilin-Grup, acordarea de premii \u0219i alte stimulente.<\/p><p style=\"text-align: center;\">Acvilin-Grup angajeaz\u0103 oameni de diferite niveluri profesionale \u0219i categorii de v\u00e2rst\u0103, dar toate sunt unite de calit\u0103\u021bi precum onestitatea \u0219i flexibilitatea, respectul fa\u021b\u0103 de colegi, interesul puternic fa\u021b\u0103 de nevoile clien\u021bilor, str\u0103duindu-se s\u0103 realizeze solu\u021bii pentru stabilirea sarcinilor \u0219i \u00eembun\u0103t\u0103\u021birea calit\u0103\u021bii rezultatelor muncii.<\/p><\/div>\n\t\t\t\t<\/div>\n\t\t\t\t\t\t\t\t<\/div>\n\t\t\t\t\t\t<\/div>\n\t\t\t\t<\/div>\n\t\t\t\t\t<\/div>\n\t\t<\/div>\n\t\t\t\t\t<\/div>\n\t\t<\/section>\n\t\t\t\t<section class=\"elementor-section elementor-top-section elementor-element elementor-element-797e8b9 elementor-section-boxed elementor-section-height-default elementor-section-height-default\" data-id=\"797e8b9\" data-element_type=\"section\">\n\t\t\t\t\t\t<div class=\"elementor-container elementor-column-gap-default\">\n\t\t\t\t\t<div class=\"elementor-column elementor-col-100 elementor-top-column elementor-element elementor-element-4f8de0d\" data-id=\"4f8de0d\" data-element_type=\"column\">\n\t\t\t<div class=\"elementor-widget-wrap elementor-element-populated\">\n\t\t\t\t\t\t<div class=\"elementor-element elementor-element-1039af7 elementor-widget elementor-widget-text-editor\" data-id=\"1039af7\" data-element_type=\"widget\" data-widget_type=\"text-editor.default\">\n\t\t\t\t<div class=\"elementor-widget-container\">\n\t\t\t\t\t\t\t\t\t<p style=\"text-align: center;\">Every Lux Proba employee is a professional and brilliant personality. Join us!<\/p>\t\t\t\t\t\t\t\t<\/div>\n\t\t\t\t<\/div>\n\t\t\t\t\t<\/div>\n\t\t<\/div>\n\t\t\t\t\t<\/div>\n\t\t<\/section>\n\t\t\t\t<section class=\"elementor-section elementor-top-section elementor-element elementor-element-839152e elementor-section-boxed elementor-section-height-default elementor-section-height-default\" data-id=\"839152e\" data-element_type=\"section\">\n\t\t\t\t\t\t<div class=\"elementor-container elementor-column-gap-default\">\n\t\t\t\t\t<div class=\"elementor-column elementor-col-100 elementor-top-column elementor-element elementor-element-f1a998c\" data-id=\"f1a998c\" data-element_type=\"column\">\n\t\t\t<div class=\"elementor-widget-wrap elementor-element-populated\">\n\t\t\t\t\t\t<div class=\"elementor-element elementor-element-be36ce3 elementor-widget elementor-widget-text-editor\" data-id=\"be36ce3\" data-element_type=\"widget\" data-widget_type=\"text-editor.default\">\n\t\t\t\t<div class=\"elementor-widget-container\">\n\t\t\t\t\t\t\t\t\t<p style=\"text-align: center;\">For all employment questions, contact us.<\/p><p style=\"text-align: center;\">E-mail: hr@proba.md<br \/>Tel.: +373 (0) 22 83-61-49<br \/>Mob.: +373 686-00-554<\/p>\t\t\t\t\t\t\t\t<\/div>\n\t\t\t\t<\/div>\n\t\t\t\t\t<\/div>\n\t\t<\/div>\n\t\t\t\t\t<\/div>\n\t\t<\/section>\n\t\t\t\t<section class=\"elementor-section elementor-top-section elementor-element elementor-element-71c7650 elementor-section-boxed elementor-section-height-default elementor-section-height-default\" data-id=\"71c7650\" data-element_type=\"section\">\n\t\t\t\t\t\t<div class=\"elementor-container elementor-column-gap-default\">\n\t\t\t\t\t<div class=\"elementor-column elementor-col-100 elementor-top-column elementor-element elementor-element-88a9039\" data-id=\"88a9039\" data-element_type=\"column\">\n\t\t\t<div class=\"elementor-widget-wrap elementor-element-populated\">\n\t\t\t\t\t\t<div class=\"elementor-element elementor-element-c10f847 elementor-widget elementor-widget-spacer\" data-id=\"c10f847\" data-element_type=\"widget\" data-widget_type=\"spacer.default\">\n\t\t\t\t<div class=\"elementor-widget-container\">\n\t\t\t\t\t\t\t<div class=\"elementor-spacer\">\n\t\t\t<div class=\"elementor-spacer-inner\"><\/div>\n\t\t<\/div>\n\t\t\t\t\t\t<\/div>\n\t\t\t\t<\/div>\n\t\t\t\t\t<\/div>\n\t\t<\/div>\n\t\t\t\t\t<\/div>\n\t\t<\/section>\n\t\t\t\t<\/div>\n\t\t","protected":false},"excerpt":{"rendered":"<p>Manager PR Obliga\u021biile cadidatului: Dezvoltarea de strategii \u0219i planuri de promovare a companiei Desf\u0103\u0219urarea de activit\u0103\u021bi de marketing pentru partenerii \u0219i clien\u021bii companiei Promovarea companiei \u00een re\u021belele sociale \u00a0 Cerin\u021be pentru un candidat: \u00cenv\u0103\u021b\u0103m\u00e2nt superior \u00een marketing Experien\u021b\u0103 profesional\u0103 de la 4 ani \u00a0 Noi oferim: Salariu de la 14000 lei pe lun\u0103 Angajare oficial\u0103 [&hellip;]<\/p>\n","protected":false},"author":2,"featured_media":0,"parent":0,"menu_order":0,"comment_status":"closed","ping_status":"closed","template":"","meta":{"inline_featured_image":false,"footnotes":""},"yoast_head":"<!-- This site is optimized with the Yoast SEO plugin v24.5 - https:\/\/yoast.com\/wordpress\/plugins\/seo\/ -->\n<title>Career - Lux Proba Grup<\/title>\n<meta name=\"robots\" content=\"noindex, follow, max-snippet:-1, max-image-preview:large, max-video-preview:-1\" \/>\n<meta property=\"og:locale\" content=\"en_US\" \/>\n<meta property=\"og:type\" content=\"article\" \/>\n<meta property=\"og:title\" content=\"Career - Lux Proba Grup\" \/>\n<meta property=\"og:description\" content=\"Manager PR Obliga\u021biile cadidatului: Dezvoltarea de strategii \u0219i planuri de promovare a companiei Desf\u0103\u0219urarea de activit\u0103\u021bi de marketing pentru partenerii \u0219i clien\u021bii companiei Promovarea companiei \u00een re\u021belele sociale \u00a0 Cerin\u021be pentru un candidat: \u00cenv\u0103\u021b\u0103m\u00e2nt superior \u00een marketing Experien\u021b\u0103 profesional\u0103 de la 4 ani \u00a0 Noi oferim: Salariu de la 14000 lei pe lun\u0103 Angajare oficial\u0103 [&hellip;]\" \/>\n<meta property=\"og:url\" content=\"https:\/\/proba.md\/en\/vacante\/\" \/>\n<meta property=\"og:site_name\" content=\"Lux Proba Grup\" \/>\n<meta property=\"article:modified_time\" content=\"2020-11-24T15:07:56+00:00\" \/>\n<meta name=\"twitter:card\" content=\"summary_large_image\" \/>\n<meta name=\"twitter:label1\" content=\"Est. reading time\" \/>\n\t<meta name=\"twitter:data1\" content=\"1 minute\" \/>\n<script type=\"application\/ld+json\" class=\"yoast-schema-graph\">{\"@context\":\"https:\/\/schema.org\",\"@graph\":[{\"@type\":\"WebPage\",\"@id\":\"https:\/\/proba.md\/en\/vacante\/\",\"url\":\"https:\/\/proba.md\/en\/vacante\/\",\"name\":\"Career - Lux Proba Grup\",\"isPartOf\":{\"@id\":\"https:\/\/proba.md\/#website\"},\"datePublished\":\"2020-10-12T00:16:06+00:00\",\"dateModified\":\"2020-11-24T15:07:56+00:00\",\"breadcrumb\":{\"@id\":\"https:\/\/proba.md\/en\/vacante\/#breadcrumb\"},\"inLanguage\":\"en-US\",\"potentialAction\":[{\"@type\":\"ReadAction\",\"target\":[\"https:\/\/proba.md\/en\/vacante\/\"]}]},{\"@type\":\"BreadcrumbList\",\"@id\":\"https:\/\/proba.md\/en\/vacante\/#breadcrumb\",\"itemListElement\":[{\"@type\":\"ListItem\",\"position\":1,\"name\":\"Home\",\"item\":\"https:\/\/proba.md\/en\/\"},{\"@type\":\"ListItem\",\"position\":2,\"name\":\"Career\"}]},{\"@type\":\"WebSite\",\"@id\":\"https:\/\/proba.md\/#website\",\"url\":\"https:\/\/proba.md\/\",\"name\":\"Lux Proba Grup\",\"description\":\"\",\"publisher\":{\"@id\":\"https:\/\/proba.md\/#organization\"},\"potentialAction\":[{\"@type\":\"SearchAction\",\"target\":{\"@type\":\"EntryPoint\",\"urlTemplate\":\"https:\/\/proba.md\/?s={search_term_string}\"},\"query-input\":{\"@type\":\"PropertyValueSpecification\",\"valueRequired\":true,\"valueName\":\"search_term_string\"}}],\"inLanguage\":\"en-US\"},{\"@type\":\"Organization\",\"@id\":\"https:\/\/proba.md\/#organization\",\"name\":\"Lux Proba\",\"url\":\"https:\/\/proba.md\/\",\"logo\":{\"@type\":\"ImageObject\",\"inLanguage\":\"en-US\",\"@id\":\"https:\/\/proba.md\/#\/schema\/logo\/image\/\",\"url\":\"https:\/\/proba.md\/wp-content\/uploads\/2020\/10\/Logo.png\",\"contentUrl\":\"https:\/\/proba.md\/wp-content\/uploads\/2020\/10\/Logo.png\",\"width\":202,\"height\":183,\"caption\":\"Lux Proba\"},\"image\":{\"@id\":\"https:\/\/proba.md\/#\/schema\/logo\/image\/\"}}]}<\/script>\n<!-- \/ Yoast SEO plugin. -->","yoast_head_json":{"title":"Career - Lux Proba Grup","robots":{"index":"noindex","follow":"follow","max-snippet":"max-snippet:-1","max-image-preview":"max-image-preview:large","max-video-preview":"max-video-preview:-1"},"og_locale":"en_US","og_type":"article","og_title":"Career - Lux Proba Grup","og_description":"Manager PR Obliga\u021biile cadidatului: Dezvoltarea de strategii \u0219i planuri de promovare a companiei Desf\u0103\u0219urarea de activit\u0103\u021bi de marketing pentru partenerii \u0219i clien\u021bii companiei Promovarea companiei \u00een re\u021belele sociale \u00a0 Cerin\u021be pentru un candidat: \u00cenv\u0103\u021b\u0103m\u00e2nt superior \u00een marketing Experien\u021b\u0103 profesional\u0103 de la 4 ani \u00a0 Noi oferim: Salariu de la 14000 lei pe lun\u0103 Angajare oficial\u0103 [&hellip;]","og_url":"https:\/\/proba.md\/en\/vacante\/","og_site_name":"Lux Proba Grup","article_modified_time":"2020-11-24T15:07:56+00:00","twitter_card":"summary_large_image","twitter_misc":{"Est. reading time":"1 minute"},"schema":{"@context":"https:\/\/schema.org","@graph":[{"@type":"WebPage","@id":"https:\/\/proba.md\/en\/vacante\/","url":"https:\/\/proba.md\/en\/vacante\/","name":"Career - Lux Proba Grup","isPartOf":{"@id":"https:\/\/proba.md\/#website"},"datePublished":"2020-10-12T00:16:06+00:00","dateModified":"2020-11-24T15:07:56+00:00","breadcrumb":{"@id":"https:\/\/proba.md\/en\/vacante\/#breadcrumb"},"inLanguage":"en-US","potentialAction":[{"@type":"ReadAction","target":["https:\/\/proba.md\/en\/vacante\/"]}]},{"@type":"BreadcrumbList","@id":"https:\/\/proba.md\/en\/vacante\/#breadcrumb","itemListElement":[{"@type":"ListItem","position":1,"name":"Home","item":"https:\/\/proba.md\/en\/"},{"@type":"ListItem","position":2,"name":"Career"}]},{"@type":"WebSite","@id":"https:\/\/proba.md\/#website","url":"https:\/\/proba.md\/","name":"Lux Proba Grup","description":"","publisher":{"@id":"https:\/\/proba.md\/#organization"},"potentialAction":[{"@type":"SearchAction","target":{"@type":"EntryPoint","urlTemplate":"https:\/\/proba.md\/?s={search_term_string}"},"query-input":{"@type":"PropertyValueSpecification","valueRequired":true,"valueName":"search_term_string"}}],"inLanguage":"en-US"},{"@type":"Organization","@id":"https:\/\/proba.md\/#organization","name":"Lux Proba","url":"https:\/\/proba.md\/","logo":{"@type":"ImageObject","inLanguage":"en-US","@id":"https:\/\/proba.md\/#\/schema\/logo\/image\/","url":"https:\/\/proba.md\/wp-content\/uploads\/2020\/10\/Logo.png","contentUrl":"https:\/\/proba.md\/wp-content\/uploads\/2020\/10\/Logo.png","width":202,"height":183,"caption":"Lux Proba"},"image":{"@id":"https:\/\/proba.md\/#\/schema\/logo\/image\/"}}]}},"_links":{"self":[{"href":"https:\/\/proba.md\/en\/wp-json\/wp\/v2\/pages\/353"}],"collection":[{"href":"https:\/\/proba.md\/en\/wp-json\/wp\/v2\/pages"}],"about":[{"href":"https:\/\/proba.md\/en\/wp-json\/wp\/v2\/types\/page"}],"author":[{"embeddable":true,"href":"https:\/\/proba.md\/en\/wp-json\/wp\/v2\/users\/2"}],"replies":[{"embeddable":true,"href":"https:\/\/proba.md\/en\/wp-json\/wp\/v2\/comments?post=353"}],"version-history":[{"count":23,"href":"https:\/\/proba.md\/en\/wp-json\/wp\/v2\/pages\/353\/revisions"}],"predecessor-version":[{"id":1600,"href":"https:\/\/proba.md\/en\/wp-json\/wp\/v2\/pages\/353\/revisions\/1600"}],"wp:attachment":[{"href":"https:\/\/proba.md\/en\/wp-json\/wp\/v2\/media?parent=353"}],"curies":[{"name":"wp","href":"https:\/\/api.w.org\/{rel}","templated":true}]}}