{"id":347,"date":"2020-10-13T10:06:20","date_gmt":"2020-10-13T07:06:20","guid":{"rendered":"http:\/\/proba.md\/partners-brands\/philip-morris-international\/"},"modified":"2020-10-13T13:15:56","modified_gmt":"2020-10-13T10:15:56","slug":"philip-morris-international","status":"publish","type":"page","link":"https:\/\/proba.md\/en\/partners-brands\/philip-morris-international\/","title":{"rendered":"Philip Morris International"},"content":{"rendered":"\t\t<div data-elementor-type=\"wp-page\" data-elementor-id=\"347\" class=\"elementor elementor-347\">\n\t\t\t\t\t\t<section class=\"elementor-section elementor-top-section elementor-element elementor-element-2083b01 elementor-section-boxed elementor-section-height-default elementor-section-height-default\" data-id=\"2083b01\" data-element_type=\"section\">\n\t\t\t\t\t\t<div class=\"elementor-container elementor-column-gap-default\">\n\t\t\t\t\t<div class=\"elementor-column elementor-col-100 elementor-top-column elementor-element elementor-element-b1e1837\" data-id=\"b1e1837\" data-element_type=\"column\">\n\t\t\t<div class=\"elementor-widget-wrap elementor-element-populated\">\n\t\t\t\t\t\t<div class=\"elementor-element elementor-element-0f43773 elementor-widget elementor-widget-text-editor\" data-id=\"0f43773\" data-element_type=\"widget\" data-widget_type=\"text-editor.default\">\n\t\t\t\t<div class=\"elementor-widget-container\">\n\t\t\t\t\t\t\t\t\t<p style=\"text-align: center;\">Cooperarea reciproc avantajoas\u0103 cu compania Philip Morris a \u00eenceput \u00een 1999, c\u00e2nd compania Acvilin-Grup a primit dreptul exclusiv de a distribui produse din tutun ale m\u0103rcii de top din lume. O decizie comercial\u0103 \u00eendr\u0103znea\u021b\u0103 \u0219i \u00eencrederea reciproc\u0103 a partenerilor au permis consumatorilor moldoveni s\u0103 ob\u021bin\u0103 pl\u0103cerea real\u0103 fum\u00e2nd produse de tutun de \u00eenalt\u0103 calitate \u0219i dovedite, \u00een loc de produse contraf\u0103cute ieftine \u0219i de calitate inferioar\u0103. Ast\u0103zi, Acvilin-Grup ofer\u0103 clien\u021bilor s\u0103i o gam\u0103 complet\u0103 de produse Philip Morris pentru consumatorii cu niveluri de venit diferite.<\/p>\t\t\t\t\t\t\t\t<\/div>\n\t\t\t\t<\/div>\n\t\t\t\t\t<\/div>\n\t\t<\/div>\n\t\t\t\t\t<\/div>\n\t\t<\/section>\n\t\t\t\t<section class=\"elementor-section elementor-top-section elementor-element elementor-element-94b9fce elementor-section-boxed elementor-section-height-default elementor-section-height-default\" data-id=\"94b9fce\" data-element_type=\"section\">\n\t\t\t\t\t\t<div class=\"elementor-container elementor-column-gap-default\">\n\t\t\t\t\t<div class=\"elementor-column elementor-col-100 elementor-top-column elementor-element elementor-element-976341d\" data-id=\"976341d\" data-element_type=\"column\">\n\t\t\t<div class=\"elementor-widget-wrap elementor-element-populated\">\n\t\t\t\t\t\t<div class=\"elementor-element elementor-element-fffb51f elementor-widget elementor-widget-text-editor\" data-id=\"fffb51f\" data-element_type=\"widget\" data-widget_type=\"text-editor.default\">\n\t\t\t\t<div class=\"elementor-widget-container\">\n\t\t\t\t\t\t\t\t\t<p style=\"text-align: center;\">Istoria lui Philip Morris a \u00eenceput \u00een 1847 odat\u0103 cu deschiderea unui magazin de tutun \u00een Londra pe Bond Street (care a dat numele uneia dintre m\u0103rcile de \u021big\u0103ri produse de companie). Apoi Philip Morris a comercializat tutun din statele sudice ale Americii, trabucuri cubaneze \u0219i accesorii pentru fumat. Au trecut peste 160 de ani de atunci \u0219i un mic magazin s-a transformat \u00eentr-o produc\u021bie de renume mondial.<\/p>\t\t\t\t\t\t\t\t<\/div>\n\t\t\t\t<\/div>\n\t\t\t\t\t<\/div>\n\t\t<\/div>\n\t\t\t\t\t<\/div>\n\t\t<\/section>\n\t\t\t\t<section class=\"elementor-section elementor-top-section elementor-element elementor-element-0a5dd8b elementor-section-boxed elementor-section-height-default elementor-section-height-default\" data-id=\"0a5dd8b\" data-element_type=\"section\">\n\t\t\t\t\t\t<div class=\"elementor-container elementor-column-gap-default\">\n\t\t\t\t\t<div class=\"elementor-column elementor-col-100 elementor-top-column elementor-element elementor-element-a5488e0\" data-id=\"a5488e0\" data-element_type=\"column\">\n\t\t\t<div class=\"elementor-widget-wrap elementor-element-populated\">\n\t\t\t\t\t\t<div class=\"elementor-element elementor-element-94a0f07 elementor-widget elementor-widget-text-editor\" data-id=\"94a0f07\" data-element_type=\"widget\" data-widget_type=\"text-editor.default\">\n\t\t\t\t<div class=\"elementor-widget-container\">\n\t\t\t\t\t\t\t\t\t<p style=\"text-align: center;\">Compania Philip Morris este ast\u0103zi una dintre corpora\u021biile de top care produc produse din tutun din lume, cu 58 de fabrici de tutun \u00een \u00eentreaga lume. Compania produce 7 dintre cele mai populare 15 m\u0103rci de \u021big\u0103ri, precum: Marlboro, L&amp;M, Bond Street, Chesterfield, Parliament, Red &amp; White \u0219i Virginia.<\/p>\t\t\t\t\t\t\t\t<\/div>\n\t\t\t\t<\/div>\n\t\t\t\t\t<\/div>\n\t\t<\/div>\n\t\t\t\t\t<\/div>\n\t\t<\/section>\n\t\t\t\t<section class=\"elementor-section elementor-top-section elementor-element elementor-element-27e0dac elementor-section-boxed elementor-section-height-default elementor-section-height-default\" data-id=\"27e0dac\" data-element_type=\"section\">\n\t\t\t\t\t\t<div class=\"elementor-container elementor-column-gap-default\">\n\t\t\t\t\t<div class=\"elementor-column elementor-col-100 elementor-top-column elementor-element elementor-element-61109f2\" data-id=\"61109f2\" data-element_type=\"column\">\n\t\t\t<div class=\"elementor-widget-wrap elementor-element-populated\">\n\t\t\t\t\t\t<div class=\"elementor-element elementor-element-f5ef616 elementor-widget elementor-widget-text-editor\" data-id=\"f5ef616\" data-element_type=\"widget\" data-widget_type=\"text-editor.default\">\n\t\t\t\t<div class=\"elementor-widget-container\">\n\t\t\t\t\t\t\t\t\t<p style=\"text-align: center;\">\u00cen plus, Philip Morris este unul dintre cei mai importan\u021bi sus\u021bin\u0103tori ai nocivit\u0103\u021bii fumatului, investind puternic \u00een programe de cercetare. Con\u0219tientizarea responsabilit\u0103\u021bii sociale \u0219i respectarea misiunii corporative duce la crearea de produse de nou\u0103 genera\u021bie care ar putea reduce riscul de a dezvolta boli asociate fumatului.<\/p>\t\t\t\t\t\t\t\t<\/div>\n\t\t\t\t<\/div>\n\t\t\t\t\t<\/div>\n\t\t<\/div>\n\t\t\t\t\t<\/div>\n\t\t<\/section>\n\t\t\t\t<section class=\"elementor-section elementor-top-section elementor-element elementor-element-ae2d6d8 elementor-section-boxed elementor-section-height-default elementor-section-height-default\" data-id=\"ae2d6d8\" data-element_type=\"section\">\n\t\t\t\t\t\t<div class=\"elementor-container elementor-column-gap-default\">\n\t\t\t\t\t<div class=\"elementor-column elementor-col-100 elementor-top-column elementor-element elementor-element-4485c11\" data-id=\"4485c11\" data-element_type=\"column\">\n\t\t\t<div class=\"elementor-widget-wrap elementor-element-populated\">\n\t\t\t\t\t\t<div class=\"elementor-element elementor-element-7a967b2 elementor-widget elementor-widget-spacer\" data-id=\"7a967b2\" data-element_type=\"widget\" data-widget_type=\"spacer.default\">\n\t\t\t\t<div class=\"elementor-widget-container\">\n\t\t\t\t\t\t\t<div class=\"elementor-spacer\">\n\t\t\t<div class=\"elementor-spacer-inner\"><\/div>\n\t\t<\/div>\n\t\t\t\t\t\t<\/div>\n\t\t\t\t<\/div>\n\t\t\t\t\t<\/div>\n\t\t<\/div>\n\t\t\t\t\t<\/div>\n\t\t<\/section>\n\t\t\t\t<section class=\"elementor-section elementor-top-section elementor-element elementor-element-c37df84 elementor-section-boxed elementor-section-height-default elementor-section-height-default\" data-id=\"c37df84\" data-element_type=\"section\">\n\t\t\t\t\t\t<div class=\"elementor-container elementor-column-gap-default\">\n\t\t\t\t\t<div class=\"elementor-column elementor-col-100 elementor-top-column elementor-element elementor-element-153271c\" data-id=\"153271c\" data-element_type=\"column\">\n\t\t\t<div class=\"elementor-widget-wrap elementor-element-populated\">\n\t\t\t\t\t\t<div class=\"elementor-element elementor-element-41440c3 brands-slider elementor-arrows-position-inside elementor-pagination-position-outside elementor-widget elementor-widget-image-carousel\" data-id=\"41440c3\" data-element_type=\"widget\" data-settings=\"{&quot;slides_to_show&quot;:&quot;5&quot;,&quot;infinite&quot;:&quot;no&quot;,&quot;slides_to_show_mobile&quot;:&quot;2&quot;,&quot;slides_to_show_tablet&quot;:&quot;3&quot;,&quot;navigation&quot;:&quot;both&quot;,&quot;autoplay&quot;:&quot;yes&quot;,&quot;pause_on_hover&quot;:&quot;yes&quot;,&quot;pause_on_interaction&quot;:&quot;yes&quot;,&quot;autoplay_speed&quot;:5000,&quot;speed&quot;:500,&quot;image_spacing_custom&quot;:{&quot;unit&quot;:&quot;px&quot;,&quot;size&quot;:20,&quot;sizes&quot;:[]},&quot;image_spacing_custom_tablet&quot;:{&quot;unit&quot;:&quot;px&quot;,&quot;size&quot;:&quot;&quot;,&quot;sizes&quot;:[]},&quot;image_spacing_custom_mobile&quot;:{&quot;unit&quot;:&quot;px&quot;,&quot;size&quot;:&quot;&quot;,&quot;sizes&quot;:[]}}\" data-widget_type=\"image-carousel.default\">\n\t\t\t\t<div class=\"elementor-widget-container\">\n\t\t\t\t\t\t\t<div class=\"elementor-image-carousel-wrapper swiper\" role=\"region\" aria-roledescription=\"carousel\" aria-label=\"Image Carousel\" dir=\"ltr\">\n\t\t\t<div class=\"elementor-image-carousel swiper-wrapper\" aria-live=\"off\">\n\t\t\t\t\t\t\t\t<div class=\"swiper-slide\" role=\"group\" aria-roledescription=\"slide\" aria-label=\"1 of 8\"><figure class=\"swiper-slide-inner\"><img decoding=\"async\" class=\"swiper-slide-image\" src=\"https:\/\/proba.md\/wp-content\/uploads\/2020\/10\/parliament_logo-removebg-preview-1.png\" alt=\"parliament_logo-removebg-preview 1\" \/><\/figure><\/div><div class=\"swiper-slide\" role=\"group\" aria-roledescription=\"slide\" aria-label=\"2 of 8\"><figure class=\"swiper-slide-inner\"><img decoding=\"async\" class=\"swiper-slide-image\" src=\"https:\/\/proba.md\/wp-content\/uploads\/2020\/10\/lm-logo-1.png\" alt=\"lm logo 1\" \/><\/figure><\/div><div class=\"swiper-slide\" role=\"group\" aria-roledescription=\"slide\" aria-label=\"3 of 8\"><figure class=\"swiper-slide-inner\"><img decoding=\"async\" class=\"swiper-slide-image\" src=\"https:\/\/proba.md\/wp-content\/uploads\/2020\/10\/marlboro-logo-1.png\" alt=\"marlboro-logo 1\" \/><\/figure><\/div><div class=\"swiper-slide\" role=\"group\" aria-roledescription=\"slide\" aria-label=\"4 of 8\"><figure class=\"swiper-slide-inner\"><img decoding=\"async\" class=\"swiper-slide-image\" src=\"https:\/\/proba.md\/wp-content\/uploads\/2020\/10\/burotime-logo-1.png\" alt=\"burotime logo 1\" \/><\/figure><\/div><div class=\"swiper-slide\" role=\"group\" aria-roledescription=\"slide\" aria-label=\"5 of 8\"><figure class=\"swiper-slide-inner\"><img decoding=\"async\" class=\"swiper-slide-image\" src=\"https:\/\/proba.md\/wp-content\/uploads\/2020\/10\/dauphin-logo-1.png\" alt=\"dauphin logo 1\" \/><\/figure><\/div><div class=\"swiper-slide\" role=\"group\" aria-roledescription=\"slide\" aria-label=\"6 of 8\"><figure class=\"swiper-slide-inner\"><img decoding=\"async\" class=\"swiper-slide-image\" src=\"https:\/\/proba.md\/wp-content\/uploads\/2020\/10\/enran-logo-1.png\" alt=\"enran logo 1\" \/><\/figure><\/div><div class=\"swiper-slide\" role=\"group\" aria-roledescription=\"slide\" aria-label=\"7 of 8\"><figure class=\"swiper-slide-inner\"><img decoding=\"async\" class=\"swiper-slide-image\" src=\"https:\/\/proba.md\/wp-content\/uploads\/2020\/10\/halmar-logo-1.png\" alt=\"halmar logo 1\" \/><\/figure><\/div><div class=\"swiper-slide\" role=\"group\" aria-roledescription=\"slide\" aria-label=\"8 of 8\"><figure class=\"swiper-slide-inner\"><img decoding=\"async\" class=\"swiper-slide-image\" src=\"https:\/\/proba.md\/wp-content\/uploads\/2020\/10\/humanscale-logo-1.png\" alt=\"humanscale logo 1\" \/><\/figure><\/div>\t\t\t<\/div>\n\t\t\t\t\t\t\t\t\t\t\t\t<div class=\"elementor-swiper-button elementor-swiper-button-prev\" role=\"button\" tabindex=\"0\">\n\t\t\t\t\t\t<i aria-hidden=\"true\" class=\"eicon-chevron-left\"><\/i>\t\t\t\t\t<\/div>\n\t\t\t\t\t<div class=\"elementor-swiper-button elementor-swiper-button-next\" role=\"button\" tabindex=\"0\">\n\t\t\t\t\t\t<i aria-hidden=\"true\" class=\"eicon-chevron-right\"><\/i>\t\t\t\t\t<\/div>\n\t\t\t\t\n\t\t\t\t\t\t\t\t\t<div class=\"swiper-pagination\"><\/div>\n\t\t\t\t\t\t\t\t\t<\/div>\n\t\t\t\t\t\t<\/div>\n\t\t\t\t<\/div>\n\t\t\t\t\t<\/div>\n\t\t<\/div>\n\t\t\t\t\t<\/div>\n\t\t<\/section>\n\t\t\t\t<section class=\"elementor-section elementor-top-section elementor-element elementor-element-0f94f42 elementor-section-boxed elementor-section-height-default elementor-section-height-default\" data-id=\"0f94f42\" data-element_type=\"section\">\n\t\t\t\t\t\t<div class=\"elementor-container elementor-column-gap-default\">\n\t\t\t\t\t<div class=\"elementor-column elementor-col-100 elementor-top-column elementor-element elementor-element-53f1d21\" data-id=\"53f1d21\" data-element_type=\"column\">\n\t\t\t<div class=\"elementor-widget-wrap elementor-element-populated\">\n\t\t\t\t\t\t<div class=\"elementor-element elementor-element-df97e54 elementor-align-center elementor-widget elementor-widget-button\" data-id=\"df97e54\" data-element_type=\"widget\" data-widget_type=\"button.default\">\n\t\t\t\t<div class=\"elementor-widget-container\">\n\t\t\t\t\t\t\t\t\t<div class=\"elementor-button-wrapper\">\n\t\t\t\t\t<a class=\"elementor-button elementor-button-link elementor-size-sm\" href=\"\/partners-brands\/\">\n\t\t\t\t\t\t<span class=\"elementor-button-content-wrapper\">\n\t\t\t\t\t\t\t\t\t<span class=\"elementor-button-text\">Tuturor partenerilor<\/span>\n\t\t\t\t\t<\/span>\n\t\t\t\t\t<\/a>\n\t\t\t\t<\/div>\n\t\t\t\t\t\t\t\t<\/div>\n\t\t\t\t<\/div>\n\t\t\t\t<div class=\"elementor-element elementor-element-22848ef elementor-widget elementor-widget-spacer\" data-id=\"22848ef\" data-element_type=\"widget\" data-widget_type=\"spacer.default\">\n\t\t\t\t<div class=\"elementor-widget-container\">\n\t\t\t\t\t\t\t<div class=\"elementor-spacer\">\n\t\t\t<div class=\"elementor-spacer-inner\"><\/div>\n\t\t<\/div>\n\t\t\t\t\t\t<\/div>\n\t\t\t\t<\/div>\n\t\t\t\t\t<\/div>\n\t\t<\/div>\n\t\t\t\t\t<\/div>\n\t\t<\/section>\n\t\t\t\t<\/div>\n\t\t","protected":false},"excerpt":{"rendered":"<p>Cooperarea reciproc avantajoas\u0103 cu compania Philip Morris a \u00eenceput \u00een 1999, c\u00e2nd compania Acvilin-Grup a primit dreptul exclusiv de a distribui produse din tutun ale m\u0103rcii de top din lume. O decizie comercial\u0103 \u00eendr\u0103znea\u021b\u0103 \u0219i \u00eencrederea reciproc\u0103 a partenerilor au permis consumatorilor moldoveni s\u0103 ob\u021bin\u0103 pl\u0103cerea real\u0103 fum\u00e2nd produse de tutun de \u00eenalt\u0103 calitate \u0219i [&hellip;]<\/p>\n","protected":false},"author":2,"featured_media":0,"parent":342,"menu_order":0,"comment_status":"closed","ping_status":"closed","template":"","meta":{"inline_featured_image":false,"footnotes":""},"yoast_head":"<!-- This site is optimized with the Yoast SEO plugin v24.5 - https:\/\/yoast.com\/wordpress\/plugins\/seo\/ -->\n<title>Philip Morris International - Lux Proba Grup<\/title>\n<meta name=\"robots\" content=\"noindex, follow, max-snippet:-1, max-image-preview:large, max-video-preview:-1\" \/>\n<meta property=\"og:locale\" content=\"en_US\" \/>\n<meta property=\"og:type\" content=\"article\" \/>\n<meta property=\"og:title\" content=\"Philip Morris International - Lux Proba Grup\" \/>\n<meta property=\"og:description\" content=\"Cooperarea reciproc avantajoas\u0103 cu compania Philip Morris a \u00eenceput \u00een 1999, c\u00e2nd compania Acvilin-Grup a primit dreptul exclusiv de a distribui produse din tutun ale m\u0103rcii de top din lume. O decizie comercial\u0103 \u00eendr\u0103znea\u021b\u0103 \u0219i \u00eencrederea reciproc\u0103 a partenerilor au permis consumatorilor moldoveni s\u0103 ob\u021bin\u0103 pl\u0103cerea real\u0103 fum\u00e2nd produse de tutun de \u00eenalt\u0103 calitate \u0219i [&hellip;]\" \/>\n<meta property=\"og:url\" content=\"https:\/\/proba.md\/ru\/partners-brands\/philip-morris-international\/\" \/>\n<meta property=\"og:site_name\" content=\"Lux Proba Grup\" \/>\n<meta property=\"article:modified_time\" content=\"2020-10-13T10:15:56+00:00\" \/>\n<meta property=\"og:image\" content=\"http:\/\/proba.md\/wp-content\/uploads\/2020\/10\/parliament_logo-removebg-preview-1.png\" \/>\n<meta name=\"twitter:card\" content=\"summary_large_image\" \/>\n<meta name=\"twitter:label1\" content=\"Est. reading time\" \/>\n\t<meta name=\"twitter:data1\" content=\"1 minute\" \/>\n<script type=\"application\/ld+json\" class=\"yoast-schema-graph\">{\"@context\":\"https:\/\/schema.org\",\"@graph\":[{\"@type\":\"WebPage\",\"@id\":\"https:\/\/proba.md\/ru\/partners-brands\/philip-morris-international\/\",\"url\":\"https:\/\/proba.md\/ru\/partners-brands\/philip-morris-international\/\",\"name\":\"Philip Morris International - Lux Proba Grup\",\"isPartOf\":{\"@id\":\"https:\/\/proba.md\/#website\"},\"primaryImageOfPage\":{\"@id\":\"https:\/\/proba.md\/ru\/partners-brands\/philip-morris-international\/#primaryimage\"},\"image\":{\"@id\":\"https:\/\/proba.md\/ru\/partners-brands\/philip-morris-international\/#primaryimage\"},\"thumbnailUrl\":\"http:\/\/proba.md\/wp-content\/uploads\/2020\/10\/parliament_logo-removebg-preview-1.png\",\"datePublished\":\"2020-10-13T07:06:20+00:00\",\"dateModified\":\"2020-10-13T10:15:56+00:00\",\"breadcrumb\":{\"@id\":\"https:\/\/proba.md\/ru\/partners-brands\/philip-morris-international\/#breadcrumb\"},\"inLanguage\":\"en-US\",\"potentialAction\":[{\"@type\":\"ReadAction\",\"target\":[\"https:\/\/proba.md\/ru\/partners-brands\/philip-morris-international\/\"]}]},{\"@type\":\"ImageObject\",\"inLanguage\":\"en-US\",\"@id\":\"https:\/\/proba.md\/ru\/partners-brands\/philip-morris-international\/#primaryimage\",\"url\":\"http:\/\/proba.md\/wp-content\/uploads\/2020\/10\/parliament_logo-removebg-preview-1.png\",\"contentUrl\":\"http:\/\/proba.md\/wp-content\/uploads\/2020\/10\/parliament_logo-removebg-preview-1.png\"},{\"@type\":\"BreadcrumbList\",\"@id\":\"https:\/\/proba.md\/ru\/partners-brands\/philip-morris-international\/#breadcrumb\",\"itemListElement\":[{\"@type\":\"ListItem\",\"position\":1,\"name\":\"Home\",\"item\":\"https:\/\/proba.md\/en\/\"},{\"@type\":\"ListItem\",\"position\":2,\"name\":\"Partners \/ Brands\",\"item\":\"https:\/\/proba.md\/ru\/partners-brands\/\"},{\"@type\":\"ListItem\",\"position\":3,\"name\":\"Philip Morris International\"}]},{\"@type\":\"WebSite\",\"@id\":\"https:\/\/proba.md\/#website\",\"url\":\"https:\/\/proba.md\/\",\"name\":\"Lux Proba Grup\",\"description\":\"\",\"publisher\":{\"@id\":\"https:\/\/proba.md\/#organization\"},\"potentialAction\":[{\"@type\":\"SearchAction\",\"target\":{\"@type\":\"EntryPoint\",\"urlTemplate\":\"https:\/\/proba.md\/?s={search_term_string}\"},\"query-input\":{\"@type\":\"PropertyValueSpecification\",\"valueRequired\":true,\"valueName\":\"search_term_string\"}}],\"inLanguage\":\"en-US\"},{\"@type\":\"Organization\",\"@id\":\"https:\/\/proba.md\/#organization\",\"name\":\"Lux Proba\",\"url\":\"https:\/\/proba.md\/\",\"logo\":{\"@type\":\"ImageObject\",\"inLanguage\":\"en-US\",\"@id\":\"https:\/\/proba.md\/#\/schema\/logo\/image\/\",\"url\":\"https:\/\/proba.md\/wp-content\/uploads\/2020\/10\/Logo.png\",\"contentUrl\":\"https:\/\/proba.md\/wp-content\/uploads\/2020\/10\/Logo.png\",\"width\":202,\"height\":183,\"caption\":\"Lux Proba\"},\"image\":{\"@id\":\"https:\/\/proba.md\/#\/schema\/logo\/image\/\"}}]}<\/script>\n<!-- \/ Yoast SEO plugin. -->","yoast_head_json":{"title":"Philip Morris International - Lux Proba Grup","robots":{"index":"noindex","follow":"follow","max-snippet":"max-snippet:-1","max-image-preview":"max-image-preview:large","max-video-preview":"max-video-preview:-1"},"og_locale":"en_US","og_type":"article","og_title":"Philip Morris International - Lux Proba Grup","og_description":"Cooperarea reciproc avantajoas\u0103 cu compania Philip Morris a \u00eenceput \u00een 1999, c\u00e2nd compania Acvilin-Grup a primit dreptul exclusiv de a distribui produse din tutun ale m\u0103rcii de top din lume. O decizie comercial\u0103 \u00eendr\u0103znea\u021b\u0103 \u0219i \u00eencrederea reciproc\u0103 a partenerilor au permis consumatorilor moldoveni s\u0103 ob\u021bin\u0103 pl\u0103cerea real\u0103 fum\u00e2nd produse de tutun de \u00eenalt\u0103 calitate \u0219i [&hellip;]","og_url":"https:\/\/proba.md\/ru\/partners-brands\/philip-morris-international\/","og_site_name":"Lux Proba Grup","article_modified_time":"2020-10-13T10:15:56+00:00","og_image":[{"url":"http:\/\/proba.md\/wp-content\/uploads\/2020\/10\/parliament_logo-removebg-preview-1.png","type":"","width":"","height":""}],"twitter_card":"summary_large_image","twitter_misc":{"Est. reading time":"1 minute"},"schema":{"@context":"https:\/\/schema.org","@graph":[{"@type":"WebPage","@id":"https:\/\/proba.md\/ru\/partners-brands\/philip-morris-international\/","url":"https:\/\/proba.md\/ru\/partners-brands\/philip-morris-international\/","name":"Philip Morris International - Lux Proba Grup","isPartOf":{"@id":"https:\/\/proba.md\/#website"},"primaryImageOfPage":{"@id":"https:\/\/proba.md\/ru\/partners-brands\/philip-morris-international\/#primaryimage"},"image":{"@id":"https:\/\/proba.md\/ru\/partners-brands\/philip-morris-international\/#primaryimage"},"thumbnailUrl":"http:\/\/proba.md\/wp-content\/uploads\/2020\/10\/parliament_logo-removebg-preview-1.png","datePublished":"2020-10-13T07:06:20+00:00","dateModified":"2020-10-13T10:15:56+00:00","breadcrumb":{"@id":"https:\/\/proba.md\/ru\/partners-brands\/philip-morris-international\/#breadcrumb"},"inLanguage":"en-US","potentialAction":[{"@type":"ReadAction","target":["https:\/\/proba.md\/ru\/partners-brands\/philip-morris-international\/"]}]},{"@type":"ImageObject","inLanguage":"en-US","@id":"https:\/\/proba.md\/ru\/partners-brands\/philip-morris-international\/#primaryimage","url":"http:\/\/proba.md\/wp-content\/uploads\/2020\/10\/parliament_logo-removebg-preview-1.png","contentUrl":"http:\/\/proba.md\/wp-content\/uploads\/2020\/10\/parliament_logo-removebg-preview-1.png"},{"@type":"BreadcrumbList","@id":"https:\/\/proba.md\/ru\/partners-brands\/philip-morris-international\/#breadcrumb","itemListElement":[{"@type":"ListItem","position":1,"name":"Home","item":"https:\/\/proba.md\/en\/"},{"@type":"ListItem","position":2,"name":"Partners \/ Brands","item":"https:\/\/proba.md\/ru\/partners-brands\/"},{"@type":"ListItem","position":3,"name":"Philip Morris International"}]},{"@type":"WebSite","@id":"https:\/\/proba.md\/#website","url":"https:\/\/proba.md\/","name":"Lux Proba Grup","description":"","publisher":{"@id":"https:\/\/proba.md\/#organization"},"potentialAction":[{"@type":"SearchAction","target":{"@type":"EntryPoint","urlTemplate":"https:\/\/proba.md\/?s={search_term_string}"},"query-input":{"@type":"PropertyValueSpecification","valueRequired":true,"valueName":"search_term_string"}}],"inLanguage":"en-US"},{"@type":"Organization","@id":"https:\/\/proba.md\/#organization","name":"Lux Proba","url":"https:\/\/proba.md\/","logo":{"@type":"ImageObject","inLanguage":"en-US","@id":"https:\/\/proba.md\/#\/schema\/logo\/image\/","url":"https:\/\/proba.md\/wp-content\/uploads\/2020\/10\/Logo.png","contentUrl":"https:\/\/proba.md\/wp-content\/uploads\/2020\/10\/Logo.png","width":202,"height":183,"caption":"Lux Proba"},"image":{"@id":"https:\/\/proba.md\/#\/schema\/logo\/image\/"}}]}},"_links":{"self":[{"href":"https:\/\/proba.md\/en\/wp-json\/wp\/v2\/pages\/347"}],"collection":[{"href":"https:\/\/proba.md\/en\/wp-json\/wp\/v2\/pages"}],"about":[{"href":"https:\/\/proba.md\/en\/wp-json\/wp\/v2\/types\/page"}],"author":[{"embeddable":true,"href":"https:\/\/proba.md\/en\/wp-json\/wp\/v2\/users\/2"}],"replies":[{"embeddable":true,"href":"https:\/\/proba.md\/en\/wp-json\/wp\/v2\/comments?post=347"}],"version-history":[{"count":1,"href":"https:\/\/proba.md\/en\/wp-json\/wp\/v2\/pages\/347\/revisions"}],"predecessor-version":[{"id":350,"href":"https:\/\/proba.md\/en\/wp-json\/wp\/v2\/pages\/347\/revisions\/350"}],"up":[{"embeddable":true,"href":"https:\/\/proba.md\/en\/wp-json\/wp\/v2\/pages\/342"}],"wp:attachment":[{"href":"https:\/\/proba.md\/en\/wp-json\/wp\/v2\/media?parent=347"}],"curies":[{"name":"wp","href":"https:\/\/api.w.org\/{rel}","templated":true}]}}