{"id":1095,"date":"2020-11-12T16:14:12","date_gmt":"2020-11-12T14:14:12","guid":{"rendered":"http:\/\/proba.md\/?page_id=1095"},"modified":"2020-11-12T16:15:39","modified_gmt":"2020-11-12T14:15:39","slug":"purina-en","status":"publish","type":"page","link":"https:\/\/proba.md\/en\/partners-brands\/purina-en\/","title":{"rendered":"Purina"},"content":{"rendered":"\t\t<div data-elementor-type=\"wp-page\" data-elementor-id=\"1095\" class=\"elementor elementor-1095\">\n\t\t\t\t\t\t<section class=\"elementor-section elementor-top-section elementor-element elementor-element-2083b01 elementor-section-boxed elementor-section-height-default elementor-section-height-default\" data-id=\"2083b01\" data-element_type=\"section\">\n\t\t\t\t\t\t<div class=\"elementor-container elementor-column-gap-default\">\n\t\t\t\t\t<div class=\"elementor-column elementor-col-100 elementor-top-column elementor-element elementor-element-b1e1837\" data-id=\"b1e1837\" data-element_type=\"column\">\n\t\t\t<div class=\"elementor-widget-wrap elementor-element-populated\">\n\t\t\t\t\t\t<div class=\"elementor-element elementor-element-0f43773 elementor-widget elementor-widget-text-editor\" data-id=\"0f43773\" data-element_type=\"widget\" data-widget_type=\"text-editor.default\">\n\t\t\t\t<div class=\"elementor-widget-container\">\n\t\t\t\t\t\t\t\t\t<h2>Nourishing Pets. Enriching Lives.<\/h2><p>For over 90 years, we&#8217;ve been guided by the belief that pets and people are better together.<\/p><p>The reason we&#8217;re so invested in the quality of our food is because we love pets as much as you do.\u00a0 You&#8217;ll find pets in our homes, and even sitting by our feet as we work in our offices.<\/p><p>Our passion for pets goes beyond pushing pet nutrition forward, and into forging partnerships in the pet welfare world and raising awareness of what pets truly need.\u00a0<\/p><p>After all, we&#8217;ve seen firsthand how powerful the bond with a pet can be, and the many unique ways that pets can strengthen our families and bring our communities closer.<\/p><h2><br \/><br \/><br \/><\/h2>\t\t\t\t\t\t\t\t<\/div>\n\t\t\t\t<\/div>\n\t\t\t\t\t<\/div>\n\t\t<\/div>\n\t\t\t\t\t<\/div>\n\t\t<\/section>\n\t\t\t\t<section class=\"elementor-section elementor-top-section elementor-element elementor-element-ae2d6d8 elementor-section-boxed elementor-section-height-default elementor-section-height-default\" data-id=\"ae2d6d8\" data-element_type=\"section\">\n\t\t\t\t\t\t<div class=\"elementor-container elementor-column-gap-default\">\n\t\t\t\t\t<div class=\"elementor-column elementor-col-100 elementor-top-column elementor-element elementor-element-4485c11\" data-id=\"4485c11\" data-element_type=\"column\">\n\t\t\t<div class=\"elementor-widget-wrap elementor-element-populated\">\n\t\t\t\t\t\t<div class=\"elementor-element elementor-element-7a967b2 elementor-widget elementor-widget-spacer\" data-id=\"7a967b2\" data-element_type=\"widget\" data-widget_type=\"spacer.default\">\n\t\t\t\t<div class=\"elementor-widget-container\">\n\t\t\t\t\t\t\t<div class=\"elementor-spacer\">\n\t\t\t<div class=\"elementor-spacer-inner\"><\/div>\n\t\t<\/div>\n\t\t\t\t\t\t<\/div>\n\t\t\t\t<\/div>\n\t\t\t\t\t<\/div>\n\t\t<\/div>\n\t\t\t\t\t<\/div>\n\t\t<\/section>\n\t\t\t\t<section class=\"elementor-section elementor-top-section elementor-element elementor-element-0f94f42 elementor-section-boxed elementor-section-height-default elementor-section-height-default\" data-id=\"0f94f42\" data-element_type=\"section\">\n\t\t\t\t\t\t<div class=\"elementor-container elementor-column-gap-default\">\n\t\t\t\t\t<div class=\"elementor-column elementor-col-100 elementor-top-column elementor-element elementor-element-53f1d21\" data-id=\"53f1d21\" data-element_type=\"column\">\n\t\t\t<div class=\"elementor-widget-wrap elementor-element-populated\">\n\t\t\t\t\t\t<div class=\"elementor-element elementor-element-df97e54 elementor-align-center elementor-widget elementor-widget-button\" data-id=\"df97e54\" data-element_type=\"widget\" data-widget_type=\"button.default\">\n\t\t\t\t<div class=\"elementor-widget-container\">\n\t\t\t\t\t\t\t\t\t<div class=\"elementor-button-wrapper\">\n\t\t\t\t\t<a class=\"elementor-button elementor-button-link elementor-size-sm\" href=\"\/partners-brands\/\">\n\t\t\t\t\t\t<span class=\"elementor-button-content-wrapper\">\n\t\t\t\t\t\t\t\t\t<span class=\"elementor-button-text\">TO all partners<\/span>\n\t\t\t\t\t<\/span>\n\t\t\t\t\t<\/a>\n\t\t\t\t<\/div>\n\t\t\t\t\t\t\t\t<\/div>\n\t\t\t\t<\/div>\n\t\t\t\t<div class=\"elementor-element elementor-element-22848ef elementor-widget elementor-widget-spacer\" data-id=\"22848ef\" data-element_type=\"widget\" data-widget_type=\"spacer.default\">\n\t\t\t\t<div class=\"elementor-widget-container\">\n\t\t\t\t\t\t\t<div class=\"elementor-spacer\">\n\t\t\t<div class=\"elementor-spacer-inner\"><\/div>\n\t\t<\/div>\n\t\t\t\t\t\t<\/div>\n\t\t\t\t<\/div>\n\t\t\t\t\t<\/div>\n\t\t<\/div>\n\t\t\t\t\t<\/div>\n\t\t<\/section>\n\t\t\t\t<\/div>\n\t\t","protected":false},"excerpt":{"rendered":"<p>Cooperarea reciproc avantajoas\u0103 cu compania Philip Morris a \u00eenceput \u00een 1999, c\u00e2nd compania Acvilin-Grup a primit dreptul exclusiv de a distribui produse din tutun ale m\u0103rcii de top din lume. O decizie comercial\u0103 \u00eendr\u0103znea\u021b\u0103 \u0219i \u00eencrederea reciproc\u0103 a partenerilor au permis consumatorilor moldoveni s\u0103 ob\u021bin\u0103 pl\u0103cerea real\u0103 fum\u00e2nd produse de tutun de \u00eenalt\u0103 calitate \u0219i [&hellip;]<\/p>\n","protected":false},"author":3,"featured_media":0,"parent":342,"menu_order":0,"comment_status":"closed","ping_status":"closed","template":"","meta":{"inline_featured_image":false,"footnotes":""},"yoast_head":"<!-- This site is optimized with the Yoast SEO plugin v24.5 - https:\/\/yoast.com\/wordpress\/plugins\/seo\/ -->\n<title>Purina - Lux Proba Grup<\/title>\n<meta name=\"robots\" content=\"noindex, follow, max-snippet:-1, max-image-preview:large, max-video-preview:-1\" \/>\n<meta property=\"og:locale\" content=\"en_US\" \/>\n<meta property=\"og:type\" content=\"article\" \/>\n<meta property=\"og:title\" content=\"Purina - Lux Proba Grup\" \/>\n<meta property=\"og:description\" content=\"Cooperarea reciproc avantajoas\u0103 cu compania Philip Morris a \u00eenceput \u00een 1999, c\u00e2nd compania Acvilin-Grup a primit dreptul exclusiv de a distribui produse din tutun ale m\u0103rcii de top din lume. O decizie comercial\u0103 \u00eendr\u0103znea\u021b\u0103 \u0219i \u00eencrederea reciproc\u0103 a partenerilor au permis consumatorilor moldoveni s\u0103 ob\u021bin\u0103 pl\u0103cerea real\u0103 fum\u00e2nd produse de tutun de \u00eenalt\u0103 calitate \u0219i [&hellip;]\" \/>\n<meta property=\"og:url\" content=\"https:\/\/proba.md\/ru\/partners-brands\/purina-ru\/\" \/>\n<meta property=\"og:site_name\" content=\"Lux Proba Grup\" \/>\n<meta property=\"article:modified_time\" content=\"2020-11-12T14:15:39+00:00\" \/>\n<meta property=\"og:image\" content=\"http:\/\/proba.md\/wp-content\/uploads\/2020\/10\/parliament_logo-removebg-preview-1.png\" \/>\n<meta name=\"twitter:card\" content=\"summary_large_image\" \/>\n<meta name=\"twitter:label1\" content=\"Est. reading time\" \/>\n\t<meta name=\"twitter:data1\" content=\"1 minute\" \/>\n<script type=\"application\/ld+json\" class=\"yoast-schema-graph\">{\"@context\":\"https:\/\/schema.org\",\"@graph\":[{\"@type\":\"WebPage\",\"@id\":\"https:\/\/proba.md\/ru\/partners-brands\/purina-ru\/\",\"url\":\"https:\/\/proba.md\/ru\/partners-brands\/purina-ru\/\",\"name\":\"Purina - Lux Proba Grup\",\"isPartOf\":{\"@id\":\"https:\/\/proba.md\/#website\"},\"primaryImageOfPage\":{\"@id\":\"https:\/\/proba.md\/ru\/partners-brands\/purina-ru\/#primaryimage\"},\"image\":{\"@id\":\"https:\/\/proba.md\/ru\/partners-brands\/purina-ru\/#primaryimage\"},\"thumbnailUrl\":\"http:\/\/proba.md\/wp-content\/uploads\/2020\/10\/parliament_logo-removebg-preview-1.png\",\"datePublished\":\"2020-11-12T14:14:12+00:00\",\"dateModified\":\"2020-11-12T14:15:39+00:00\",\"breadcrumb\":{\"@id\":\"https:\/\/proba.md\/ru\/partners-brands\/purina-ru\/#breadcrumb\"},\"inLanguage\":\"en-US\",\"potentialAction\":[{\"@type\":\"ReadAction\",\"target\":[\"https:\/\/proba.md\/ru\/partners-brands\/purina-ru\/\"]}]},{\"@type\":\"ImageObject\",\"inLanguage\":\"en-US\",\"@id\":\"https:\/\/proba.md\/ru\/partners-brands\/purina-ru\/#primaryimage\",\"url\":\"http:\/\/proba.md\/wp-content\/uploads\/2020\/10\/parliament_logo-removebg-preview-1.png\",\"contentUrl\":\"http:\/\/proba.md\/wp-content\/uploads\/2020\/10\/parliament_logo-removebg-preview-1.png\"},{\"@type\":\"BreadcrumbList\",\"@id\":\"https:\/\/proba.md\/ru\/partners-brands\/purina-ru\/#breadcrumb\",\"itemListElement\":[{\"@type\":\"ListItem\",\"position\":1,\"name\":\"Home\",\"item\":\"https:\/\/proba.md\/en\/\"},{\"@type\":\"ListItem\",\"position\":2,\"name\":\"Partners \/ Brands\",\"item\":\"https:\/\/proba.md\/ru\/partners-brands\/\"},{\"@type\":\"ListItem\",\"position\":3,\"name\":\"Purina\"}]},{\"@type\":\"WebSite\",\"@id\":\"https:\/\/proba.md\/#website\",\"url\":\"https:\/\/proba.md\/\",\"name\":\"Lux Proba Grup\",\"description\":\"\",\"publisher\":{\"@id\":\"https:\/\/proba.md\/#organization\"},\"potentialAction\":[{\"@type\":\"SearchAction\",\"target\":{\"@type\":\"EntryPoint\",\"urlTemplate\":\"https:\/\/proba.md\/?s={search_term_string}\"},\"query-input\":{\"@type\":\"PropertyValueSpecification\",\"valueRequired\":true,\"valueName\":\"search_term_string\"}}],\"inLanguage\":\"en-US\"},{\"@type\":\"Organization\",\"@id\":\"https:\/\/proba.md\/#organization\",\"name\":\"Lux Proba\",\"url\":\"https:\/\/proba.md\/\",\"logo\":{\"@type\":\"ImageObject\",\"inLanguage\":\"en-US\",\"@id\":\"https:\/\/proba.md\/#\/schema\/logo\/image\/\",\"url\":\"https:\/\/proba.md\/wp-content\/uploads\/2020\/10\/Logo.png\",\"contentUrl\":\"https:\/\/proba.md\/wp-content\/uploads\/2020\/10\/Logo.png\",\"width\":202,\"height\":183,\"caption\":\"Lux Proba\"},\"image\":{\"@id\":\"https:\/\/proba.md\/#\/schema\/logo\/image\/\"}}]}<\/script>\n<!-- \/ Yoast SEO plugin. -->","yoast_head_json":{"title":"Purina - Lux Proba Grup","robots":{"index":"noindex","follow":"follow","max-snippet":"max-snippet:-1","max-image-preview":"max-image-preview:large","max-video-preview":"max-video-preview:-1"},"og_locale":"en_US","og_type":"article","og_title":"Purina - Lux Proba Grup","og_description":"Cooperarea reciproc avantajoas\u0103 cu compania Philip Morris a \u00eenceput \u00een 1999, c\u00e2nd compania Acvilin-Grup a primit dreptul exclusiv de a distribui produse din tutun ale m\u0103rcii de top din lume. O decizie comercial\u0103 \u00eendr\u0103znea\u021b\u0103 \u0219i \u00eencrederea reciproc\u0103 a partenerilor au permis consumatorilor moldoveni s\u0103 ob\u021bin\u0103 pl\u0103cerea real\u0103 fum\u00e2nd produse de tutun de \u00eenalt\u0103 calitate \u0219i [&hellip;]","og_url":"https:\/\/proba.md\/ru\/partners-brands\/purina-ru\/","og_site_name":"Lux Proba Grup","article_modified_time":"2020-11-12T14:15:39+00:00","og_image":[{"url":"http:\/\/proba.md\/wp-content\/uploads\/2020\/10\/parliament_logo-removebg-preview-1.png","type":"","width":"","height":""}],"twitter_card":"summary_large_image","twitter_misc":{"Est. reading time":"1 minute"},"schema":{"@context":"https:\/\/schema.org","@graph":[{"@type":"WebPage","@id":"https:\/\/proba.md\/ru\/partners-brands\/purina-ru\/","url":"https:\/\/proba.md\/ru\/partners-brands\/purina-ru\/","name":"Purina - Lux Proba Grup","isPartOf":{"@id":"https:\/\/proba.md\/#website"},"primaryImageOfPage":{"@id":"https:\/\/proba.md\/ru\/partners-brands\/purina-ru\/#primaryimage"},"image":{"@id":"https:\/\/proba.md\/ru\/partners-brands\/purina-ru\/#primaryimage"},"thumbnailUrl":"http:\/\/proba.md\/wp-content\/uploads\/2020\/10\/parliament_logo-removebg-preview-1.png","datePublished":"2020-11-12T14:14:12+00:00","dateModified":"2020-11-12T14:15:39+00:00","breadcrumb":{"@id":"https:\/\/proba.md\/ru\/partners-brands\/purina-ru\/#breadcrumb"},"inLanguage":"en-US","potentialAction":[{"@type":"ReadAction","target":["https:\/\/proba.md\/ru\/partners-brands\/purina-ru\/"]}]},{"@type":"ImageObject","inLanguage":"en-US","@id":"https:\/\/proba.md\/ru\/partners-brands\/purina-ru\/#primaryimage","url":"http:\/\/proba.md\/wp-content\/uploads\/2020\/10\/parliament_logo-removebg-preview-1.png","contentUrl":"http:\/\/proba.md\/wp-content\/uploads\/2020\/10\/parliament_logo-removebg-preview-1.png"},{"@type":"BreadcrumbList","@id":"https:\/\/proba.md\/ru\/partners-brands\/purina-ru\/#breadcrumb","itemListElement":[{"@type":"ListItem","position":1,"name":"Home","item":"https:\/\/proba.md\/en\/"},{"@type":"ListItem","position":2,"name":"Partners \/ Brands","item":"https:\/\/proba.md\/ru\/partners-brands\/"},{"@type":"ListItem","position":3,"name":"Purina"}]},{"@type":"WebSite","@id":"https:\/\/proba.md\/#website","url":"https:\/\/proba.md\/","name":"Lux Proba Grup","description":"","publisher":{"@id":"https:\/\/proba.md\/#organization"},"potentialAction":[{"@type":"SearchAction","target":{"@type":"EntryPoint","urlTemplate":"https:\/\/proba.md\/?s={search_term_string}"},"query-input":{"@type":"PropertyValueSpecification","valueRequired":true,"valueName":"search_term_string"}}],"inLanguage":"en-US"},{"@type":"Organization","@id":"https:\/\/proba.md\/#organization","name":"Lux Proba","url":"https:\/\/proba.md\/","logo":{"@type":"ImageObject","inLanguage":"en-US","@id":"https:\/\/proba.md\/#\/schema\/logo\/image\/","url":"https:\/\/proba.md\/wp-content\/uploads\/2020\/10\/Logo.png","contentUrl":"https:\/\/proba.md\/wp-content\/uploads\/2020\/10\/Logo.png","width":202,"height":183,"caption":"Lux Proba"},"image":{"@id":"https:\/\/proba.md\/#\/schema\/logo\/image\/"}}]}},"_links":{"self":[{"href":"https:\/\/proba.md\/en\/wp-json\/wp\/v2\/pages\/1095"}],"collection":[{"href":"https:\/\/proba.md\/en\/wp-json\/wp\/v2\/pages"}],"about":[{"href":"https:\/\/proba.md\/en\/wp-json\/wp\/v2\/types\/page"}],"author":[{"embeddable":true,"href":"https:\/\/proba.md\/en\/wp-json\/wp\/v2\/users\/3"}],"replies":[{"embeddable":true,"href":"https:\/\/proba.md\/en\/wp-json\/wp\/v2\/comments?post=1095"}],"version-history":[{"count":11,"href":"https:\/\/proba.md\/en\/wp-json\/wp\/v2\/pages\/1095\/revisions"}],"predecessor-version":[{"id":1178,"href":"https:\/\/proba.md\/en\/wp-json\/wp\/v2\/pages\/1095\/revisions\/1178"}],"up":[{"embeddable":true,"href":"https:\/\/proba.md\/en\/wp-json\/wp\/v2\/pages\/342"}],"wp:attachment":[{"href":"https:\/\/proba.md\/en\/wp-json\/wp\/v2\/media?parent=1095"}],"curies":[{"name":"wp","href":"https:\/\/api.w.org\/{rel}","templated":true}]}}