{"id":1073,"date":"2020-11-12T16:18:31","date_gmt":"2020-11-12T14:18:31","guid":{"rendered":"http:\/\/proba.md\/?page_id=1073"},"modified":"2020-11-12T16:19:59","modified_gmt":"2020-11-12T14:19:59","slug":"vitmark-en","status":"publish","type":"page","link":"https:\/\/proba.md\/en\/partners-brands\/vitmark-en\/","title":{"rendered":"Vitmark"},"content":{"rendered":"\t\t<div data-elementor-type=\"wp-page\" data-elementor-id=\"1073\" class=\"elementor elementor-1073\">\n\t\t\t\t\t\t<section class=\"elementor-section elementor-top-section elementor-element elementor-element-27e0dac elementor-section-boxed elementor-section-height-default elementor-section-height-default\" data-id=\"27e0dac\" data-element_type=\"section\">\n\t\t\t\t\t\t<div class=\"elementor-container elementor-column-gap-default\">\n\t\t\t\t\t<div class=\"elementor-column elementor-col-100 elementor-top-column elementor-element elementor-element-61109f2\" data-id=\"61109f2\" data-element_type=\"column\">\n\t\t\t<div class=\"elementor-widget-wrap elementor-element-populated\">\n\t\t\t\t\t\t<div class=\"elementor-element elementor-element-f5ef616 elementor-widget elementor-widget-text-editor\" data-id=\"f5ef616\" data-element_type=\"widget\" data-widget_type=\"text-editor.default\">\n\t\t\t\t<div class=\"elementor-widget-container\">\n\t\t\t\t\t\t\t\t\t<p>Vitmark-Ukraine is one of the largest Ukrainian producers of juices, nectars, juicy and soft drinks, baby food such as fruit purees and juices. At the year-end of 2016, the company held up to 35% market share in the segment of baby food and about 30% in the juice segment.<\/p><p>\u00a0<\/p><p>Since our first juice sales in 1994, we have been a driver of marketplace innovation. Today we lead the juice industry due to our own processing of local fruits, our high-quality production, and expertise in the world market of raw fruit materials.<\/p><p>\u00a0<\/p><p>The company\u2019s products are popular not only within Ukraine but far beyond its limits \u2013 juices and nectars of Vitmark-Ukraine are exported in 21 countries all over the world. The company&#8217;s headquarters is located in Odesa, Ukraine.<\/p><p>\u00a0<\/p><p>Vitmark-Ukraine history \u2013 is more than 20 years of innovations!<\/p><p>In 1994 Vitmark-Ukraine started the production of high-quality juices and nectars Jaffa. Vitmark-Ukraine reconstructed the main production plant \u2013 Odesa Baby Food Cannery, equipped it with modern equipment.<\/p><p>\u00a0<\/p><p>Within the last 23 years, juices and nectars of Vitmark-Ukraine company were exported in Europe, USA, Canada, Israel. In 2013 the company underwent the certification ISO 9001:2008 and ISO 22000:2005.<\/p><p>\u00a0<\/p><p>\u00a0<\/p>\t\t\t\t\t\t\t\t<\/div>\n\t\t\t\t<\/div>\n\t\t\t\t\t<\/div>\n\t\t<\/div>\n\t\t\t\t\t<\/div>\n\t\t<\/section>\n\t\t\t\t<section class=\"elementor-section elementor-top-section elementor-element elementor-element-ae2d6d8 elementor-section-boxed elementor-section-height-default elementor-section-height-default\" data-id=\"ae2d6d8\" data-element_type=\"section\">\n\t\t\t\t\t\t<div class=\"elementor-container elementor-column-gap-default\">\n\t\t\t\t\t<div class=\"elementor-column elementor-col-100 elementor-top-column elementor-element elementor-element-4485c11\" data-id=\"4485c11\" data-element_type=\"column\">\n\t\t\t<div class=\"elementor-widget-wrap elementor-element-populated\">\n\t\t\t\t\t\t<div class=\"elementor-element elementor-element-7a967b2 elementor-widget elementor-widget-spacer\" data-id=\"7a967b2\" data-element_type=\"widget\" data-widget_type=\"spacer.default\">\n\t\t\t\t<div class=\"elementor-widget-container\">\n\t\t\t\t\t\t\t<div class=\"elementor-spacer\">\n\t\t\t<div class=\"elementor-spacer-inner\"><\/div>\n\t\t<\/div>\n\t\t\t\t\t\t<\/div>\n\t\t\t\t<\/div>\n\t\t\t\t\t<\/div>\n\t\t<\/div>\n\t\t\t\t\t<\/div>\n\t\t<\/section>\n\t\t\t\t<section class=\"elementor-section elementor-top-section elementor-element elementor-element-0f94f42 elementor-section-boxed elementor-section-height-default elementor-section-height-default\" data-id=\"0f94f42\" data-element_type=\"section\">\n\t\t\t\t\t\t<div class=\"elementor-container elementor-column-gap-default\">\n\t\t\t\t\t<div class=\"elementor-column elementor-col-100 elementor-top-column elementor-element elementor-element-53f1d21\" data-id=\"53f1d21\" data-element_type=\"column\">\n\t\t\t<div class=\"elementor-widget-wrap elementor-element-populated\">\n\t\t\t\t\t\t<div class=\"elementor-element elementor-element-df97e54 elementor-align-center elementor-widget elementor-widget-button\" data-id=\"df97e54\" data-element_type=\"widget\" data-widget_type=\"button.default\">\n\t\t\t\t<div class=\"elementor-widget-container\">\n\t\t\t\t\t\t\t\t\t<div class=\"elementor-button-wrapper\">\n\t\t\t\t\t<a class=\"elementor-button elementor-button-link elementor-size-sm\" href=\"\/partners-brands\/\">\n\t\t\t\t\t\t<span class=\"elementor-button-content-wrapper\">\n\t\t\t\t\t\t\t\t\t<span class=\"elementor-button-text\">To all parters<\/span>\n\t\t\t\t\t<\/span>\n\t\t\t\t\t<\/a>\n\t\t\t\t<\/div>\n\t\t\t\t\t\t\t\t<\/div>\n\t\t\t\t<\/div>\n\t\t\t\t<div class=\"elementor-element elementor-element-22848ef elementor-widget elementor-widget-spacer\" data-id=\"22848ef\" data-element_type=\"widget\" data-widget_type=\"spacer.default\">\n\t\t\t\t<div class=\"elementor-widget-container\">\n\t\t\t\t\t\t\t<div class=\"elementor-spacer\">\n\t\t\t<div class=\"elementor-spacer-inner\"><\/div>\n\t\t<\/div>\n\t\t\t\t\t\t<\/div>\n\t\t\t\t<\/div>\n\t\t\t\t\t<\/div>\n\t\t<\/div>\n\t\t\t\t\t<\/div>\n\t\t<\/section>\n\t\t\t\t<\/div>\n\t\t","protected":false},"excerpt":{"rendered":"<p>Cooperarea reciproc avantajoas\u0103 cu compania Philip Morris a \u00eenceput \u00een 1999, c\u00e2nd compania Acvilin-Grup a primit dreptul exclusiv de a distribui produse din tutun ale m\u0103rcii de top din lume. O decizie comercial\u0103 \u00eendr\u0103znea\u021b\u0103 \u0219i \u00eencrederea reciproc\u0103 a partenerilor au permis consumatorilor moldoveni s\u0103 ob\u021bin\u0103 pl\u0103cerea real\u0103 fum\u00e2nd produse de tutun de \u00eenalt\u0103 calitate \u0219i [&hellip;]<\/p>\n","protected":false},"author":3,"featured_media":0,"parent":342,"menu_order":0,"comment_status":"closed","ping_status":"closed","template":"","meta":{"inline_featured_image":false,"footnotes":""},"yoast_head":"<!-- This site is optimized with the Yoast SEO plugin v24.5 - https:\/\/yoast.com\/wordpress\/plugins\/seo\/ -->\n<title>Vitmark - Lux Proba Grup<\/title>\n<meta name=\"robots\" content=\"noindex, follow, max-snippet:-1, max-image-preview:large, max-video-preview:-1\" \/>\n<meta property=\"og:locale\" content=\"en_US\" \/>\n<meta property=\"og:type\" content=\"article\" \/>\n<meta property=\"og:title\" content=\"Vitmark - Lux Proba Grup\" \/>\n<meta property=\"og:description\" content=\"Cooperarea reciproc avantajoas\u0103 cu compania Philip Morris a \u00eenceput \u00een 1999, c\u00e2nd compania Acvilin-Grup a primit dreptul exclusiv de a distribui produse din tutun ale m\u0103rcii de top din lume. O decizie comercial\u0103 \u00eendr\u0103znea\u021b\u0103 \u0219i \u00eencrederea reciproc\u0103 a partenerilor au permis consumatorilor moldoveni s\u0103 ob\u021bin\u0103 pl\u0103cerea real\u0103 fum\u00e2nd produse de tutun de \u00eenalt\u0103 calitate \u0219i [&hellip;]\" \/>\n<meta property=\"og:url\" content=\"https:\/\/proba.md\/ru\/partners-brands\/vitmark-ru\/\" \/>\n<meta property=\"og:site_name\" content=\"Lux Proba Grup\" \/>\n<meta property=\"article:modified_time\" content=\"2020-11-12T14:19:59+00:00\" \/>\n<meta property=\"og:image\" content=\"http:\/\/proba.md\/wp-content\/uploads\/2020\/10\/parliament_logo-removebg-preview-1.png\" \/>\n<meta name=\"twitter:card\" content=\"summary_large_image\" \/>\n<meta name=\"twitter:label1\" content=\"Est. reading time\" \/>\n\t<meta name=\"twitter:data1\" content=\"1 minute\" \/>\n<script type=\"application\/ld+json\" class=\"yoast-schema-graph\">{\"@context\":\"https:\/\/schema.org\",\"@graph\":[{\"@type\":\"WebPage\",\"@id\":\"https:\/\/proba.md\/ru\/partners-brands\/vitmark-ru\/\",\"url\":\"https:\/\/proba.md\/ru\/partners-brands\/vitmark-ru\/\",\"name\":\"Vitmark - Lux Proba Grup\",\"isPartOf\":{\"@id\":\"https:\/\/proba.md\/#website\"},\"primaryImageOfPage\":{\"@id\":\"https:\/\/proba.md\/ru\/partners-brands\/vitmark-ru\/#primaryimage\"},\"image\":{\"@id\":\"https:\/\/proba.md\/ru\/partners-brands\/vitmark-ru\/#primaryimage\"},\"thumbnailUrl\":\"http:\/\/proba.md\/wp-content\/uploads\/2020\/10\/parliament_logo-removebg-preview-1.png\",\"datePublished\":\"2020-11-12T14:18:31+00:00\",\"dateModified\":\"2020-11-12T14:19:59+00:00\",\"breadcrumb\":{\"@id\":\"https:\/\/proba.md\/ru\/partners-brands\/vitmark-ru\/#breadcrumb\"},\"inLanguage\":\"en-US\",\"potentialAction\":[{\"@type\":\"ReadAction\",\"target\":[\"https:\/\/proba.md\/ru\/partners-brands\/vitmark-ru\/\"]}]},{\"@type\":\"ImageObject\",\"inLanguage\":\"en-US\",\"@id\":\"https:\/\/proba.md\/ru\/partners-brands\/vitmark-ru\/#primaryimage\",\"url\":\"http:\/\/proba.md\/wp-content\/uploads\/2020\/10\/parliament_logo-removebg-preview-1.png\",\"contentUrl\":\"http:\/\/proba.md\/wp-content\/uploads\/2020\/10\/parliament_logo-removebg-preview-1.png\"},{\"@type\":\"BreadcrumbList\",\"@id\":\"https:\/\/proba.md\/ru\/partners-brands\/vitmark-ru\/#breadcrumb\",\"itemListElement\":[{\"@type\":\"ListItem\",\"position\":1,\"name\":\"Home\",\"item\":\"https:\/\/proba.md\/en\/\"},{\"@type\":\"ListItem\",\"position\":2,\"name\":\"Partners \/ Brands\",\"item\":\"https:\/\/proba.md\/ru\/partners-brands\/\"},{\"@type\":\"ListItem\",\"position\":3,\"name\":\"Vitmark\"}]},{\"@type\":\"WebSite\",\"@id\":\"https:\/\/proba.md\/#website\",\"url\":\"https:\/\/proba.md\/\",\"name\":\"Lux Proba Grup\",\"description\":\"\",\"publisher\":{\"@id\":\"https:\/\/proba.md\/#organization\"},\"potentialAction\":[{\"@type\":\"SearchAction\",\"target\":{\"@type\":\"EntryPoint\",\"urlTemplate\":\"https:\/\/proba.md\/?s={search_term_string}\"},\"query-input\":{\"@type\":\"PropertyValueSpecification\",\"valueRequired\":true,\"valueName\":\"search_term_string\"}}],\"inLanguage\":\"en-US\"},{\"@type\":\"Organization\",\"@id\":\"https:\/\/proba.md\/#organization\",\"name\":\"Lux Proba\",\"url\":\"https:\/\/proba.md\/\",\"logo\":{\"@type\":\"ImageObject\",\"inLanguage\":\"en-US\",\"@id\":\"https:\/\/proba.md\/#\/schema\/logo\/image\/\",\"url\":\"https:\/\/proba.md\/wp-content\/uploads\/2020\/10\/Logo.png\",\"contentUrl\":\"https:\/\/proba.md\/wp-content\/uploads\/2020\/10\/Logo.png\",\"width\":202,\"height\":183,\"caption\":\"Lux Proba\"},\"image\":{\"@id\":\"https:\/\/proba.md\/#\/schema\/logo\/image\/\"}}]}<\/script>\n<!-- \/ Yoast SEO plugin. -->","yoast_head_json":{"title":"Vitmark - Lux Proba Grup","robots":{"index":"noindex","follow":"follow","max-snippet":"max-snippet:-1","max-image-preview":"max-image-preview:large","max-video-preview":"max-video-preview:-1"},"og_locale":"en_US","og_type":"article","og_title":"Vitmark - Lux Proba Grup","og_description":"Cooperarea reciproc avantajoas\u0103 cu compania Philip Morris a \u00eenceput \u00een 1999, c\u00e2nd compania Acvilin-Grup a primit dreptul exclusiv de a distribui produse din tutun ale m\u0103rcii de top din lume. O decizie comercial\u0103 \u00eendr\u0103znea\u021b\u0103 \u0219i \u00eencrederea reciproc\u0103 a partenerilor au permis consumatorilor moldoveni s\u0103 ob\u021bin\u0103 pl\u0103cerea real\u0103 fum\u00e2nd produse de tutun de \u00eenalt\u0103 calitate \u0219i [&hellip;]","og_url":"https:\/\/proba.md\/ru\/partners-brands\/vitmark-ru\/","og_site_name":"Lux Proba Grup","article_modified_time":"2020-11-12T14:19:59+00:00","og_image":[{"url":"http:\/\/proba.md\/wp-content\/uploads\/2020\/10\/parliament_logo-removebg-preview-1.png","type":"","width":"","height":""}],"twitter_card":"summary_large_image","twitter_misc":{"Est. reading time":"1 minute"},"schema":{"@context":"https:\/\/schema.org","@graph":[{"@type":"WebPage","@id":"https:\/\/proba.md\/ru\/partners-brands\/vitmark-ru\/","url":"https:\/\/proba.md\/ru\/partners-brands\/vitmark-ru\/","name":"Vitmark - Lux Proba Grup","isPartOf":{"@id":"https:\/\/proba.md\/#website"},"primaryImageOfPage":{"@id":"https:\/\/proba.md\/ru\/partners-brands\/vitmark-ru\/#primaryimage"},"image":{"@id":"https:\/\/proba.md\/ru\/partners-brands\/vitmark-ru\/#primaryimage"},"thumbnailUrl":"http:\/\/proba.md\/wp-content\/uploads\/2020\/10\/parliament_logo-removebg-preview-1.png","datePublished":"2020-11-12T14:18:31+00:00","dateModified":"2020-11-12T14:19:59+00:00","breadcrumb":{"@id":"https:\/\/proba.md\/ru\/partners-brands\/vitmark-ru\/#breadcrumb"},"inLanguage":"en-US","potentialAction":[{"@type":"ReadAction","target":["https:\/\/proba.md\/ru\/partners-brands\/vitmark-ru\/"]}]},{"@type":"ImageObject","inLanguage":"en-US","@id":"https:\/\/proba.md\/ru\/partners-brands\/vitmark-ru\/#primaryimage","url":"http:\/\/proba.md\/wp-content\/uploads\/2020\/10\/parliament_logo-removebg-preview-1.png","contentUrl":"http:\/\/proba.md\/wp-content\/uploads\/2020\/10\/parliament_logo-removebg-preview-1.png"},{"@type":"BreadcrumbList","@id":"https:\/\/proba.md\/ru\/partners-brands\/vitmark-ru\/#breadcrumb","itemListElement":[{"@type":"ListItem","position":1,"name":"Home","item":"https:\/\/proba.md\/en\/"},{"@type":"ListItem","position":2,"name":"Partners \/ Brands","item":"https:\/\/proba.md\/ru\/partners-brands\/"},{"@type":"ListItem","position":3,"name":"Vitmark"}]},{"@type":"WebSite","@id":"https:\/\/proba.md\/#website","url":"https:\/\/proba.md\/","name":"Lux Proba Grup","description":"","publisher":{"@id":"https:\/\/proba.md\/#organization"},"potentialAction":[{"@type":"SearchAction","target":{"@type":"EntryPoint","urlTemplate":"https:\/\/proba.md\/?s={search_term_string}"},"query-input":{"@type":"PropertyValueSpecification","valueRequired":true,"valueName":"search_term_string"}}],"inLanguage":"en-US"},{"@type":"Organization","@id":"https:\/\/proba.md\/#organization","name":"Lux Proba","url":"https:\/\/proba.md\/","logo":{"@type":"ImageObject","inLanguage":"en-US","@id":"https:\/\/proba.md\/#\/schema\/logo\/image\/","url":"https:\/\/proba.md\/wp-content\/uploads\/2020\/10\/Logo.png","contentUrl":"https:\/\/proba.md\/wp-content\/uploads\/2020\/10\/Logo.png","width":202,"height":183,"caption":"Lux Proba"},"image":{"@id":"https:\/\/proba.md\/#\/schema\/logo\/image\/"}}]}},"_links":{"self":[{"href":"https:\/\/proba.md\/en\/wp-json\/wp\/v2\/pages\/1073"}],"collection":[{"href":"https:\/\/proba.md\/en\/wp-json\/wp\/v2\/pages"}],"about":[{"href":"https:\/\/proba.md\/en\/wp-json\/wp\/v2\/types\/page"}],"author":[{"embeddable":true,"href":"https:\/\/proba.md\/en\/wp-json\/wp\/v2\/users\/3"}],"replies":[{"embeddable":true,"href":"https:\/\/proba.md\/en\/wp-json\/wp\/v2\/comments?post=1073"}],"version-history":[{"count":8,"href":"https:\/\/proba.md\/en\/wp-json\/wp\/v2\/pages\/1073\/revisions"}],"predecessor-version":[{"id":1197,"href":"https:\/\/proba.md\/en\/wp-json\/wp\/v2\/pages\/1073\/revisions\/1197"}],"up":[{"embeddable":true,"href":"https:\/\/proba.md\/en\/wp-json\/wp\/v2\/pages\/342"}],"wp:attachment":[{"href":"https:\/\/proba.md\/en\/wp-json\/wp\/v2\/media?parent=1073"}],"curies":[{"name":"wp","href":"https:\/\/api.w.org\/{rel}","templated":true}]}}